{"id":16,"date":"2024-06-04T20:54:36","date_gmt":"2024-06-04T18:54:36","guid":{"rendered":"https:\/\/rodosblog.ddns.net\/?page_id=16"},"modified":"2025-12-14T16:35:11","modified_gmt":"2025-12-14T15:35:11","slug":"ueber-mich","status":"publish","type":"page","link":"https:\/\/rodosblog.ddns.net\/?page_id=16","title":{"rendered":"\u00dcber mich"},"content":{"rendered":"\n<p>Ich arbeite seit mehr als 25 Jahren an der Schnittstelle von <strong>Unternehmensf\u00fchrung, Finanzen und strategischer Entwicklung<\/strong>. Mein beruflicher Weg hat mich durch unterschiedliche Branchen und L\u00e4nder gef\u00fchrt und mir Einblicke in sehr verschiedene Organisationskulturen erm\u00f6glicht \u2013 von famili\u00e4r gepr\u00e4gten Strukturen bis hin zu international agierenden Unternehmensgruppen.<\/p>\n\n\n\n<p>Mich interessieren insbesondere Fragen rund um <strong>F\u00fchrung, Verantwortung, Entscheidungsfindung und nachhaltige Steuerung<\/strong> komplexer Organisationen. Dabei verbinde ich analytisches Denken mit einem klaren Blick f\u00fcr Menschen, Strukturen und Zusammenh\u00e4nge. Pr\u00e4zision, Verl\u00e4sslichkeit und ein respektvoller Umgang sind f\u00fcr mich zentrale Werte \u2013 beruflich wie pers\u00f6nlich.<\/p>\n\n\n\n<p>Neben dem Beruf sch\u00e4tze ich <strong>Reisen, Landschaften, gutes Essen und Momente der Entschleunigung<\/strong>. Sie schaffen Abstand zum Alltag und er\u00f6ffnen neue Perspektiven. Dieser Blog ist ein Ort f\u00fcr Gedanken, Beobachtungen und Erfahrungen \u2013 mal fachlich, mal pers\u00f6nlich, immer reflektiert.<\/p>\n\n\n\n<p><\/p>\n","protected":false},"excerpt":{"rendered":"<p>Ich arbeite seit mehr als 25 Jahren an der Schnittstelle von Unternehmensf\u00fchrung, Finanzen und strategischer Entwicklung. Mein beruflicher Weg hat mich durch unterschiedliche Branchen und L\u00e4nder gef\u00fchrt und mir Einblicke in sehr verschiedene Organisationskulturen erm\u00f6glicht \u2013 von famili\u00e4r gepr\u00e4gten Strukturen bis hin zu international agierenden Unternehmensgruppen. Mich interessieren insbesondere Fragen rund um F\u00fchrung, Verantwortung, Entscheidungsfindung [&hellip;]<\/p>\n","protected":false},"author":1,"featured_media":59,"parent":0,"menu_order":0,"comment_status":"closed","ping_status":"closed","template":"","meta":{"footnotes":""},"class_list":["post-16","page","type-page","status-publish","has-post-thumbnail","hentry"],"_links":{"self":[{"href":"https:\/\/rodosblog.ddns.net\/index.php?rest_route=\/wp\/v2\/pages\/16","targetHints":{"allow":["GET"]}}],"collection":[{"href":"https:\/\/rodosblog.ddns.net\/index.php?rest_route=\/wp\/v2\/pages"}],"about":[{"href":"https:\/\/rodosblog.ddns.net\/index.php?rest_route=\/wp\/v2\/types\/page"}],"author":[{"embeddable":true,"href":"https:\/\/rodosblog.ddns.net\/index.php?rest_route=\/wp\/v2\/users\/1"}],"replies":[{"embeddable":true,"href":"https:\/\/rodosblog.ddns.net\/index.php?rest_route=%2Fwp%2Fv2%2Fcomments&post=16"}],"version-history":[{"count":3,"href":"https:\/\/rodosblog.ddns.net\/index.php?rest_route=\/wp\/v2\/pages\/16\/revisions"}],"predecessor-version":[{"id":85,"href":"https:\/\/rodosblog.ddns.net\/index.php?rest_route=\/wp\/v2\/pages\/16\/revisions\/85"}],"wp:featuredmedia":[{"embeddable":true,"href":"https:\/\/rodosblog.ddns.net\/index.php?rest_route=\/wp\/v2\/media\/59"}],"wp:attachment":[{"href":"https:\/\/rodosblog.ddns.net\/index.php?rest_route=%2Fwp%2Fv2%2Fmedia&parent=16"}],"curies":[{"name":"wp","href":"https:\/\/api.w.org\/{rel}","templated":true}]}}